{"id":225123,"date":"2025-09-06T17:36:03","date_gmt":"2025-09-06T17:36:03","guid":{"rendered":"https:\/\/palmsmediagroup.com\/no-vender-ni-compartir\/"},"modified":"2026-03-18T02:36:58","modified_gmt":"2026-03-18T02:36:58","slug":"no-vender-ni-compartir","status":"publish","type":"page","link":"https:\/\/palmsmediagroup.com\/es\/no-vender-ni-compartir\/","title":{"rendered":"No vender ni compartir"},"content":{"rendered":"<p>[et_pb_section fb_built=\u00bb1&#8243; _builder_version=\u00bb4.16&#8243; global_colors_info=\u00bb{}\u00bb][et_pb_row _builder_version=\u00bb4.16&#8243; background_size=\u00bbinitial\u00bb background_position=\u00bbtop_left\u00bb background_repeat=\u00bbrepeat\u00bb global_colors_info=\u00bb{}\u00bb][et_pb_column type=\u00bb4_4&#8243; _builder_version=\u00bb4.16&#8243; custom_padding=\u00bb|||\u00bb global_colors_info=\u00bb{}\u00bb custom_padding__hover=\u00bb|||\u00bb][et_pb_text _builder_version=\u00bb4.27.4&#8243; background_size=\u00bbinitial\u00bb background_position=\u00bbtop_left\u00bb background_repeat=\u00bbrepeat\u00bb custom_padding=\u00bb||100px||false|false\u00bb global_colors_info=\u00bb{}\u00bb]<\/p>\n<h1>No vender ni compartir mi informaci\u00f3n personal<\/h1>\n<p><strong>Palms Media LLC<\/strong><\/p>\n<p>Fecha de entrada en vigor: 9\/1\/2025<\/p>\n<p>Como residente de California, usted tiene el derecho bajo la Ley de Privacidad del Consumidor de California (CCPA) y la Ley de Derechos de Privacidad de California (CPRA) para optar por la venta o el intercambio de su informaci\u00f3n personal. Palms Media LLC no vende su informaci\u00f3n personal en el sentido tradicional, pero podemos \u00abcompartir\u00bb informaci\u00f3n con terceros con fines de publicidad digital, an\u00e1lisis y marketing. Puede ejercer su derecho de exclusi\u00f3n en cualquier momento utilizando las opciones que se indican a continuaci\u00f3n.  <\/p>\n<h2>C\u00f3mo darse de baja<\/h2>\n<p>Puede solicitar la exclusi\u00f3n voluntaria de la venta o el intercambio de su informaci\u00f3n personal mediante:<\/p>\n<ul>\n<li>Env\u00edenos un correo electr\u00f3nico a <a href=\"mailto:info@palmsmediagroup.com\">info@palmsmediagroup.com<\/a><\/li>\n<li>Llam\u00e1ndonos gratis al <a href=\"tel:18668103570\">866-810-3570<\/a><\/li>\n<li>Enviando el siguiente formulario:<\/li>\n<\/ul>\n<h2>Proceso de verificaci\u00f3n<\/h2>\n<p>Por su seguridad, podemos solicitar informaci\u00f3n adicional para verificar su identidad antes de procesar su solicitud. Esto es para asegurar que la informaci\u00f3n personal no sea revelada a partes no autorizadas. <\/p>\n<h2>Agentes autorizados<\/h2>\n<p>Si presenta una solicitud en nombre de otra persona, es posible que le exijamos una prueba de su autorizaci\u00f3n e identidad antes de atender la solicitud.<\/p>\n<h2>Informaci\u00f3n adicional<\/h2>\n<p>La exclusi\u00f3n voluntaria no afecta a su capacidad para utilizar nuestro Sitio o nuestros servicios. Sin embargo, es posible que siga viendo anuncios no dirigidos. Para obtener m\u00e1s informaci\u00f3n sobre c\u00f3mo recopilamos, utilizamos y compartimos su informaci\u00f3n, consulte nuestra <a href=\"https:\/\/palmsmediagroup.com\/privacy-policy\/\">Pol\u00edtica de privacidad<\/a>.  <\/p>\n<h2>Contacte con nosotros<\/h2>\n<p>Si tiene alguna pregunta sobre sus derechos o sobre esta p\u00e1gina de exclusi\u00f3n voluntaria, p\u00f3ngase en contacto con nosotros en:<\/p>\n<p><strong>Palms Media LLC<\/strong><\/p>\n<p>Correo electr\u00f3nico: <a href=\"mailto:info@palmsmediagroup.com\">info@palmsmediagroup.com<\/a><\/p>\n<p>Tel\u00e9fono: <a href=\"tel:18668103570\">866-810-3570<\/a><\/p>\n<p>1968 S. Coast Hwy. #715, Laguna Beach, CA 92651 <\/p>\n<p>[\/et_pb_text][\/et_pb_column][\/et_pb_row][\/et_pb_section]<\/p>\n","protected":false},"excerpt":{"rendered":"<p>No vender ni compartir mi informaci\u00f3n personal Palms Media LLCFecha de entrada en vigor: 9\/1\/2025 Como residente de California, usted tiene el derecho bajo la Ley de Privacidad del Consumidor de California (CCPA) y la Ley de Derechos de Privacidad de California (CPRA) para optar por la venta o el intercambio de su informaci\u00f3n personal. Palms Media LLC no vende su informaci\u00f3n personal en el sentido tradicional, pero podemos \u00abcompartir\u00bb informaci\u00f3n con terceros con fines de publicidad digital, an\u00e1lisis y marketing. Puede ejercer su derecho de exclusi\u00f3n en cualquier momento utilizando las opciones que se indican a continuaci\u00f3n. C\u00f3mo darse de baja Puede solicitar la exclusi\u00f3n voluntaria de la venta o el intercambio de su informaci\u00f3n personal mediante: Env\u00edenos un correo electr\u00f3nico a info@palmsmediagroup.com Llam\u00e1ndonos gratis al 866-810-3570 Enviando el siguiente formulario: Proceso de verificaci\u00f3n Por su seguridad, podemos solicitar informaci\u00f3n adicional para verificar su identidad antes de procesar su solicitud. Esto es para asegurar que la informaci\u00f3n personal no sea revelada a partes no autorizadas. Agentes autorizados Si presenta una solicitud en nombre de otra persona, es posible que le exijamos una prueba de su autorizaci\u00f3n e identidad antes de atender la solicitud. Informaci\u00f3n adicional La exclusi\u00f3n voluntaria no [&hellip;]<\/p>\n","protected":false},"author":2,"featured_media":0,"parent":0,"menu_order":0,"comment_status":"closed","ping_status":"closed","template":"","meta":{"_et_pb_use_builder":"on","_et_pb_old_content":"","_et_gb_content_width":"","footnotes":""},"class_list":["post-225123","page","type-page","status-publish","hentry"],"yoast_head":"<!-- This site is optimized with the Yoast SEO Premium plugin v27.3 (Yoast SEO v27.3) - https:\/\/yoast.com\/product\/yoast-seo-premium-wordpress\/ -->\n<title>No vender ni compartir - Palms Media<\/title>\n<meta name=\"robots\" content=\"index, follow, max-snippet:-1, max-image-preview:large, max-video-preview:-1\" \/>\n<link rel=\"canonical\" href=\"https:\/\/palmsmediagroup.com\/es\/no-vender-ni-compartir\/\" \/>\n<meta property=\"og:locale\" content=\"es_ES\" \/>\n<meta property=\"og:type\" content=\"article\" \/>\n<meta property=\"og:title\" content=\"No vender ni compartir\" \/>\n<meta property=\"og:description\" content=\"No vender ni compartir mi informaci\u00f3n personal Palms Media LLCFecha de entrada en vigor: 9\/1\/2025 Como residente de California, usted tiene el derecho bajo la Ley de Privacidad del Consumidor de California (CCPA) y la Ley de Derechos de Privacidad de California (CPRA) para optar por la venta o el intercambio de su informaci\u00f3n personal. Palms Media LLC no vende su informaci\u00f3n personal en el sentido tradicional, pero podemos &quot;compartir&quot; informaci\u00f3n con terceros con fines de publicidad digital, an\u00e1lisis y marketing. Puede ejercer su derecho de exclusi\u00f3n en cualquier momento utilizando las opciones que se indican a continuaci\u00f3n. C\u00f3mo darse de baja Puede solicitar la exclusi\u00f3n voluntaria de la venta o el intercambio de su informaci\u00f3n personal mediante: Env\u00edenos un correo electr\u00f3nico a info@palmsmediagroup.com Llam\u00e1ndonos gratis al 866-810-3570 Enviando el siguiente formulario: Proceso de verificaci\u00f3n Por su seguridad, podemos solicitar informaci\u00f3n adicional para verificar su identidad antes de procesar su solicitud. Esto es para asegurar que la informaci\u00f3n personal no sea revelada a partes no autorizadas. Agentes autorizados Si presenta una solicitud en nombre de otra persona, es posible que le exijamos una prueba de su autorizaci\u00f3n e identidad antes de atender la solicitud. Informaci\u00f3n adicional La exclusi\u00f3n voluntaria no [&hellip;]\" \/>\n<meta property=\"og:url\" content=\"https:\/\/palmsmediagroup.com\/es\/no-vender-ni-compartir\/\" \/>\n<meta property=\"og:site_name\" content=\"Palms Media\" \/>\n<meta property=\"article:publisher\" content=\"https:\/\/facebook.com\/palmsmediagroup\" \/>\n<meta property=\"article:modified_time\" content=\"2026-03-18T02:36:58+00:00\" \/>\n<meta name=\"twitter:card\" content=\"summary_large_image\" \/>\n<meta name=\"twitter:label1\" content=\"Tiempo de lectura\" \/>\n\t<meta name=\"twitter:data1\" content=\"2 minutos\" \/>\n<script type=\"application\/ld+json\" class=\"yoast-schema-graph\">{\"@context\":\"https:\\\/\\\/schema.org\",\"@graph\":[{\"@type\":\"WebPage\",\"@id\":\"https:\\\/\\\/palmsmediagroup.com\\\/es\\\/no-vender-ni-compartir\\\/\",\"url\":\"https:\\\/\\\/palmsmediagroup.com\\\/es\\\/no-vender-ni-compartir\\\/\",\"name\":\"No vender ni compartir - Palms Media\",\"isPartOf\":{\"@id\":\"https:\\\/\\\/palmsmediagroup.com\\\/es\\\/#website\"},\"datePublished\":\"2025-09-06T17:36:03+00:00\",\"dateModified\":\"2026-03-18T02:36:58+00:00\",\"breadcrumb\":{\"@id\":\"https:\\\/\\\/palmsmediagroup.com\\\/es\\\/no-vender-ni-compartir\\\/#breadcrumb\"},\"inLanguage\":\"es\",\"potentialAction\":[{\"@type\":\"ReadAction\",\"target\":[\"https:\\\/\\\/palmsmediagroup.com\\\/es\\\/no-vender-ni-compartir\\\/\"]}]},{\"@type\":\"BreadcrumbList\",\"@id\":\"https:\\\/\\\/palmsmediagroup.com\\\/es\\\/no-vender-ni-compartir\\\/#breadcrumb\",\"itemListElement\":[{\"@type\":\"ListItem\",\"position\":1,\"name\":\"Home\",\"item\":\"https:\\\/\\\/palmsmediagroup.com\\\/es\\\/?page_id=225166\"},{\"@type\":\"ListItem\",\"position\":2,\"name\":\"No vender ni compartir\"}]},{\"@type\":\"WebSite\",\"@id\":\"https:\\\/\\\/palmsmediagroup.com\\\/es\\\/#website\",\"url\":\"https:\\\/\\\/palmsmediagroup.com\\\/es\\\/\",\"name\":\"Palms Media\",\"description\":\"Digital Marketing Agency\",\"publisher\":{\"@id\":\"https:\\\/\\\/palmsmediagroup.com\\\/es\\\/#organization\"},\"potentialAction\":[{\"@type\":\"SearchAction\",\"target\":{\"@type\":\"EntryPoint\",\"urlTemplate\":\"https:\\\/\\\/palmsmediagroup.com\\\/es\\\/?s={search_term_string}\"},\"query-input\":{\"@type\":\"PropertyValueSpecification\",\"valueRequired\":true,\"valueName\":\"search_term_string\"}}],\"inLanguage\":\"es\"},{\"@type\":\"Organization\",\"@id\":\"https:\\\/\\\/palmsmediagroup.com\\\/es\\\/#organization\",\"name\":\"Palms Media LLC\",\"alternateName\":\"PMG\",\"url\":\"https:\\\/\\\/palmsmediagroup.com\\\/es\\\/\",\"logo\":{\"@type\":\"ImageObject\",\"inLanguage\":\"es\",\"@id\":\"https:\\\/\\\/palmsmediagroup.com\\\/es\\\/#\\\/schema\\\/logo\\\/image\\\/\",\"url\":\"https:\\\/\\\/palmsmediagroup.com\\\/wp-content\\\/uploads\\\/2024\\\/09\\\/Palms-HQ-04-copy.png\",\"contentUrl\":\"https:\\\/\\\/palmsmediagroup.com\\\/wp-content\\\/uploads\\\/2024\\\/09\\\/Palms-HQ-04-copy.png\",\"width\":1920,\"height\":822,\"caption\":\"Palms Media LLC\"},\"image\":{\"@id\":\"https:\\\/\\\/palmsmediagroup.com\\\/es\\\/#\\\/schema\\\/logo\\\/image\\\/\"},\"sameAs\":[\"https:\\\/\\\/facebook.com\\\/palmsmediagroup\",\"https:\\\/\\\/www.linkedin.com\\\/company\\\/palms-media\"]}]}<\/script>\n<!-- \/ Yoast SEO Premium plugin. -->","yoast_head_json":{"title":"No vender ni compartir - Palms Media","robots":{"index":"index","follow":"follow","max-snippet":"max-snippet:-1","max-image-preview":"max-image-preview:large","max-video-preview":"max-video-preview:-1"},"canonical":"https:\/\/palmsmediagroup.com\/es\/no-vender-ni-compartir\/","og_locale":"es_ES","og_type":"article","og_title":"No vender ni compartir","og_description":"No vender ni compartir mi informaci\u00f3n personal Palms Media LLCFecha de entrada en vigor: 9\/1\/2025 Como residente de California, usted tiene el derecho bajo la Ley de Privacidad del Consumidor de California (CCPA) y la Ley de Derechos de Privacidad de California (CPRA) para optar por la venta o el intercambio de su informaci\u00f3n personal. Palms Media LLC no vende su informaci\u00f3n personal en el sentido tradicional, pero podemos \"compartir\" informaci\u00f3n con terceros con fines de publicidad digital, an\u00e1lisis y marketing. Puede ejercer su derecho de exclusi\u00f3n en cualquier momento utilizando las opciones que se indican a continuaci\u00f3n. C\u00f3mo darse de baja Puede solicitar la exclusi\u00f3n voluntaria de la venta o el intercambio de su informaci\u00f3n personal mediante: Env\u00edenos un correo electr\u00f3nico a info@palmsmediagroup.com Llam\u00e1ndonos gratis al 866-810-3570 Enviando el siguiente formulario: Proceso de verificaci\u00f3n Por su seguridad, podemos solicitar informaci\u00f3n adicional para verificar su identidad antes de procesar su solicitud. Esto es para asegurar que la informaci\u00f3n personal no sea revelada a partes no autorizadas. Agentes autorizados Si presenta una solicitud en nombre de otra persona, es posible que le exijamos una prueba de su autorizaci\u00f3n e identidad antes de atender la solicitud. Informaci\u00f3n adicional La exclusi\u00f3n voluntaria no [&hellip;]","og_url":"https:\/\/palmsmediagroup.com\/es\/no-vender-ni-compartir\/","og_site_name":"Palms Media","article_publisher":"https:\/\/facebook.com\/palmsmediagroup","article_modified_time":"2026-03-18T02:36:58+00:00","twitter_card":"summary_large_image","twitter_misc":{"Tiempo de lectura":"2 minutos"},"schema":{"@context":"https:\/\/schema.org","@graph":[{"@type":"WebPage","@id":"https:\/\/palmsmediagroup.com\/es\/no-vender-ni-compartir\/","url":"https:\/\/palmsmediagroup.com\/es\/no-vender-ni-compartir\/","name":"No vender ni compartir - Palms Media","isPartOf":{"@id":"https:\/\/palmsmediagroup.com\/es\/#website"},"datePublished":"2025-09-06T17:36:03+00:00","dateModified":"2026-03-18T02:36:58+00:00","breadcrumb":{"@id":"https:\/\/palmsmediagroup.com\/es\/no-vender-ni-compartir\/#breadcrumb"},"inLanguage":"es","potentialAction":[{"@type":"ReadAction","target":["https:\/\/palmsmediagroup.com\/es\/no-vender-ni-compartir\/"]}]},{"@type":"BreadcrumbList","@id":"https:\/\/palmsmediagroup.com\/es\/no-vender-ni-compartir\/#breadcrumb","itemListElement":[{"@type":"ListItem","position":1,"name":"Home","item":"https:\/\/palmsmediagroup.com\/es\/?page_id=225166"},{"@type":"ListItem","position":2,"name":"No vender ni compartir"}]},{"@type":"WebSite","@id":"https:\/\/palmsmediagroup.com\/es\/#website","url":"https:\/\/palmsmediagroup.com\/es\/","name":"Palms Media","description":"Digital Marketing Agency","publisher":{"@id":"https:\/\/palmsmediagroup.com\/es\/#organization"},"potentialAction":[{"@type":"SearchAction","target":{"@type":"EntryPoint","urlTemplate":"https:\/\/palmsmediagroup.com\/es\/?s={search_term_string}"},"query-input":{"@type":"PropertyValueSpecification","valueRequired":true,"valueName":"search_term_string"}}],"inLanguage":"es"},{"@type":"Organization","@id":"https:\/\/palmsmediagroup.com\/es\/#organization","name":"Palms Media LLC","alternateName":"PMG","url":"https:\/\/palmsmediagroup.com\/es\/","logo":{"@type":"ImageObject","inLanguage":"es","@id":"https:\/\/palmsmediagroup.com\/es\/#\/schema\/logo\/image\/","url":"https:\/\/palmsmediagroup.com\/wp-content\/uploads\/2024\/09\/Palms-HQ-04-copy.png","contentUrl":"https:\/\/palmsmediagroup.com\/wp-content\/uploads\/2024\/09\/Palms-HQ-04-copy.png","width":1920,"height":822,"caption":"Palms Media LLC"},"image":{"@id":"https:\/\/palmsmediagroup.com\/es\/#\/schema\/logo\/image\/"},"sameAs":["https:\/\/facebook.com\/palmsmediagroup","https:\/\/www.linkedin.com\/company\/palms-media"]}]}},"_links":{"self":[{"href":"https:\/\/palmsmediagroup.com\/es\/wp-json\/wp\/v2\/pages\/225123","targetHints":{"allow":["GET"]}}],"collection":[{"href":"https:\/\/palmsmediagroup.com\/es\/wp-json\/wp\/v2\/pages"}],"about":[{"href":"https:\/\/palmsmediagroup.com\/es\/wp-json\/wp\/v2\/types\/page"}],"author":[{"embeddable":true,"href":"https:\/\/palmsmediagroup.com\/es\/wp-json\/wp\/v2\/users\/2"}],"replies":[{"embeddable":true,"href":"https:\/\/palmsmediagroup.com\/es\/wp-json\/wp\/v2\/comments?post=225123"}],"version-history":[{"count":3,"href":"https:\/\/palmsmediagroup.com\/es\/wp-json\/wp\/v2\/pages\/225123\/revisions"}],"predecessor-version":[{"id":225131,"href":"https:\/\/palmsmediagroup.com\/es\/wp-json\/wp\/v2\/pages\/225123\/revisions\/225131"}],"wp:attachment":[{"href":"https:\/\/palmsmediagroup.com\/es\/wp-json\/wp\/v2\/media?parent=225123"}],"curies":[{"name":"wp","href":"https:\/\/api.w.org\/{rel}","templated":true}]}}