{"id":225144,"date":"2020-11-14T17:30:35","date_gmt":"2020-11-14T17:30:35","guid":{"rendered":"https:\/\/palmsmediagroup.com\/politica-de-privacidad\/"},"modified":"2026-03-18T02:37:01","modified_gmt":"2026-03-18T02:37:01","slug":"politica-de-privacidad","status":"publish","type":"page","link":"https:\/\/palmsmediagroup.com\/es\/politica-de-privacidad\/","title":{"rendered":"Pol\u00edtica de privacidad"},"content":{"rendered":"<p>[et_pb_section fb_built=\u00bb1&#8243; _builder_version=\u00bb4.16&#8243; global_colors_info=\u00bb{}\u00bb][et_pb_row _builder_version=\u00bb4.16&#8243; background_size=\u00bbinitial\u00bb background_position=\u00bbtop_left\u00bb background_repeat=\u00bbrepeat\u00bb global_colors_info=\u00bb{}\u00bb][et_pb_column type=\u00bb4_4&#8243; _builder_version=\u00bb4.16&#8243; custom_padding=\u00bb|||\u00bb global_colors_info=\u00bb{}\u00bb custom_padding__hover=\u00bb|||\u00bb][et_pb_text _builder_version=\u00bb4.27.4&#8243; background_size=\u00bbinitial\u00bb background_position=\u00bbtop_left\u00bb background_repeat=\u00bbrepeat\u00bb hover_enabled=\u00bb0&#8243; global_colors_info=\u00bb{}\u00bb custom_padding=\u00bb||100px||false|false\u00bb sticky_enabled=\u00bb0&#8243;]<\/p>\n<h1>Pol\u00edtica de privacidad<\/h1>\n<p><strong>Palms Media LLC<\/strong><\/p>\n<p>Fecha de entrada en vigor: <i>9\/1\/2025<\/i><\/p>\n<p>Palms Media LLC (\u00abnosotros\u00bb, \u00abnuestro\u00bb o \u00abnos\u00bb) valora su privacidad. Esta pol\u00edtica de privacidad explica c\u00f3mo recopilamos, utilizamos, divulgamos y protegemos su informaci\u00f3n cuando usted visita <a href=\"https:\/\/palmsmediagroup.com\/es\/\">palmsmediagroup.com<\/a> (el \u00abSitio\u00bb) y utiliza nuestros servicios. Al utilizar el Sitio, usted acepta las pr\u00e1cticas descritas en esta pol\u00edtica.  <\/p>\n<h2>1. Informaci\u00f3n que recopilamos<\/h2>\n<ul>\n<li><strong>Informaci\u00f3n personal:<\/strong> nombre, direcci\u00f3n de correo electr\u00f3nico, n\u00famero de tel\u00e9fono, datos de la empresa o negocio y cualquier informaci\u00f3n que proporcione a trav\u00e9s de formularios de contacto, suscripciones a boletines o descargas de recursos.<\/li>\n<li><strong>Informaci\u00f3n no personal:<\/strong> Direcci\u00f3n IP, tipo de dispositivo y navegador, p\u00e1ginas visitadas, p\u00e1ginas de referencia\/salida, marcas de tiempo y otros datos de uso recogidos a trav\u00e9s de cookies, p\u00edxeles y tecnolog\u00edas similares.<\/li>\n<li><strong>Datos de marketing y an\u00e1lisis:<\/strong> interacciones con nuestros correos electr\u00f3nicos, anuncios y p\u00e1ginas de destino, incluida la atribuci\u00f3n de campa\u00f1as.<\/li>\n<\/ul>\n<h2>2. C\u00f3mo utilizamos su informaci\u00f3n<\/h2>\n<ul>\n<li>Responder a las consultas y prestar los servicios solicitados.<\/li>\n<li>Enviar correos electr\u00f3nicos de marketing, boletines informativos y recursos (cuando usted opte por ello).<\/li>\n<li>Mejorar y personalizar el Sitio, las campa\u00c3\u00b1as y los servicios mediante an\u00c3\u00a1lisis y pruebas.<\/li>\n<li>Ejecute la publicidad, el remarketing y la medici\u00f3n de audiencias.<\/li>\n<li>Cumplir con las obligaciones legales, reglamentarias y contractuales.<\/li>\n<\/ul>\n<h2>3. Intercambio de informaci\u00f3n<\/h2>\n<p>No vendemos sus datos personales. Podemos compartir datos con: <\/p>\n<ul>\n<li><strong>Proveedores de servicios y socios:<\/strong> plataformas de alojamiento, seguridad, an\u00e1lisis, CRM, seguimiento de llamadas, correo electr\u00f3nico y publicidad que procesan datos en nuestro nombre con las garant\u00edas adecuadas.<\/li>\n<li><strong>Autoridades legales:<\/strong> cuando lo exija la ley o para proteger nuestros derechos, a los usuarios o al p\u00fablico.<\/li>\n<\/ul>\n<h2>4. Cookies y tecnolog\u00edas de seguimiento<\/h2>\n<p>Utilizamos cookies, p\u00edxeles y tecnolog\u00edas similares para hacer funcionar el Sitio, analizar el tr\u00e1fico y el comportamiento de los usuarios y apoyar la publicidad y el remarketing. Puede controlar las cookies a trav\u00e9s de la configuraci\u00f3n de su navegador; desactivar ciertas cookies puede afectar a la funcionalidad del Sitio. <\/p>\n<h2>5. Conservaci\u00f3n de datos<\/h2>\n<p>Conservamos la informaci\u00f3n personal s\u00f3lo mientras sea necesario para los fines descritos en esta Pol\u00edtica o seg\u00fan lo exija la legislaci\u00f3n aplicable.<\/p>\n<h2>6. Sus derechos de privacidad<\/h2>\n<h3>Derechos de privacidad en California (CCPA\/CPRA)<\/h3>\n<p>Si reside en California, puede tener derecho a:<\/p>\n<ul>\n<li>Conozca las categor\u00edas y los datos concretos de informaci\u00f3n personal que recopilamos, utilizamos, revelamos y \u00abcompartimos\u00bb.<\/li>\n<li>Solicitar la eliminaci\u00f3n de su informaci\u00f3n personal.<\/li>\n<li>Corrija la informaci\u00f3n personal inexacta.<\/li>\n<li>Rechazar la venta o el intercambio de informaci\u00f3n personal para la publicidad conductual de contexto cruzado.<\/li>\n<\/ul>\n<p>Para ejercer estos derechos, env\u00ede un correo electr\u00f3nico <a href=\"mailto:info@palmsmediagroup.com\">a info@palmsmediagroup.com<\/a> o llame <a href=\"tel:18668103570\">al 866-810-3570<\/a>. Tambi\u00e9n puede enviar una solicitud a trav\u00e9s de nuestro enlace <a href=\"https:\/\/palmsmediagroup.com\/es\/?page_id=225123\">No vender ni compartir mis datos personales<\/a>. <\/p>\n<h3>Uni\u00f3n Europea\/EEE (GDPR)<\/h3>\n<p>Si se encuentra en el EEE, puede tener derecho a acceder, rectificar, borrar, restringir u oponerse al tratamiento, y solicitar la portabilidad de los datos. Cuando el tratamiento se base en el consentimiento, podr\u00e1 retirarlo en cualquier momento sin que ello afecte a la licitud del tratamiento anterior a su retirada. <\/p>\n<p>Para ejercer sus derechos GDPR, p\u00f3ngase en contacto con <a href=\"mailto:info@palmsmediagroup.com\">info@palmsmediagroup.com.<\/a> Tambi\u00e9n puede presentar una reclamaci\u00f3n ante su autoridad de control local. <\/p>\n<h2>7. Seguridad<\/h2>\n<p>Aplicamos medidas t\u00e9cnicas y organizativas razonables para proteger la informaci\u00f3n personal. Sin embargo, ning\u00fan m\u00e9todo de transmisi\u00f3n por Internet o de almacenamiento electr\u00f3nico es completamente seguro. <\/p>\n<h2>8. Enlaces de terceros<\/h2>\n<p>Nuestro Sitio puede contener enlaces a sitios web de terceros. No somos responsables de las pr\u00e1cticas de privacidad ni del contenido de esos sitios web. <\/p>\n<h2>9. Privacidad de los ni\u00f1os<\/h2>\n<p>Nuestro Sitio no est\u00e1 destinado a personas menores de 13 a\u00f1os, y no recopilamos conscientemente informaci\u00f3n personal de ni\u00f1os.<\/p>\n<h2>10. Cambios en esta pol\u00edtica<\/h2>\n<p>Podemos actualizar esta Pol\u00edtica de Privacidad de vez en cuando. Publicaremos la versi\u00f3n actualizada en esta p\u00e1gina y revisaremos la \u00abFecha de entrada en vigor\u00bb anterior. <\/p>\n<h2>11. P\u00f3ngase en contacto con nosotros<\/h2>\n<p><strong>Palms Media LLC<\/strong><\/p>\n<p>Correo electr\u00f3nico: <a href=\"mailto:info@palmsmediagroup.com\">info@palmsmediagroup.com<\/a><\/p>\n<p>Tel\u00e9fono: <a href=\"tel:18668103570\">866-810-3570<\/a><\/p>\n<p>1968 S. Coast Hwy. #715, Laguna Beach, CA 92651 <\/p>\n<p>&nbsp;<\/p>\n<p>[\/et_pb_text][\/et_pb_column][\/et_pb_row][\/et_pb_section]<\/p>\n","protected":false},"excerpt":{"rendered":"<p>Pol\u00edtica de privacidad Palms Media LLC Fecha de entrada en vigor: 9\/1\/2025 Palms Media LLC (\u00abnosotros\u00bb, \u00abnuestro\u00bb o \u00abnos\u00bb) valora su privacidad. Esta pol\u00edtica de privacidad explica c\u00f3mo recopilamos, utilizamos, divulgamos y protegemos su informaci\u00f3n cuando usted visita palmsmediagroup.com (el \u00abSitio\u00bb) y utiliza nuestros servicios. Al utilizar el Sitio, usted acepta las pr\u00e1cticas descritas en esta pol\u00edtica. 1. Informaci\u00f3n que recopilamos Informaci\u00f3n personal: nombre, direcci\u00f3n de correo electr\u00f3nico, n\u00famero de tel\u00e9fono, datos de la empresa o negocio y cualquier informaci\u00f3n que proporcione a trav\u00e9s de formularios de contacto, suscripciones a boletines o descargas de recursos. Informaci\u00f3n no personal: Direcci\u00f3n IP, tipo de dispositivo y navegador, p\u00e1ginas visitadas, p\u00e1ginas de referencia\/salida, marcas de tiempo y otros datos de uso recogidos a trav\u00e9s de cookies, p\u00edxeles y tecnolog\u00edas similares. Datos de marketing y an\u00e1lisis: interacciones con nuestros correos electr\u00f3nicos, anuncios y p\u00e1ginas de destino, incluida la atribuci\u00f3n de campa\u00f1as. 2. C\u00f3mo utilizamos su informaci\u00f3n Responder a las consultas y prestar los servicios solicitados. Enviar correos electr\u00f3nicos de marketing, boletines informativos y recursos (cuando usted opte por ello). Mejorar y personalizar el Sitio, las campa\u00c3\u00b1as y los servicios mediante an\u00c3\u00a1lisis y pruebas. Ejecute la publicidad, el remarketing y la medici\u00f3n de audiencias. Cumplir [&hellip;]<\/p>\n","protected":false},"author":2,"featured_media":0,"parent":0,"menu_order":0,"comment_status":"closed","ping_status":"closed","template":"","meta":{"_et_pb_use_builder":"on","_et_pb_old_content":"","_et_gb_content_width":"","footnotes":""},"class_list":["post-225144","page","type-page","status-publish","hentry"],"yoast_head":"<!-- This site is optimized with the Yoast SEO Premium plugin v27.3 (Yoast SEO v27.3) - https:\/\/yoast.com\/product\/yoast-seo-premium-wordpress\/ -->\n<title>Pol\u00edtica de privacidad - Palms Media<\/title>\n<meta name=\"robots\" content=\"index, follow, max-snippet:-1, max-image-preview:large, max-video-preview:-1\" \/>\n<link rel=\"canonical\" href=\"https:\/\/palmsmediagroup.com\/es\/politica-de-privacidad\/\" \/>\n<meta property=\"og:locale\" content=\"es_ES\" \/>\n<meta property=\"og:type\" content=\"article\" \/>\n<meta property=\"og:title\" content=\"Pol\u00edtica de privacidad\" \/>\n<meta property=\"og:description\" content=\"Pol\u00edtica de privacidad Palms Media LLC Fecha de entrada en vigor: 9\/1\/2025 Palms Media LLC (&quot;nosotros&quot;, &quot;nuestro&quot; o &quot;nos&quot;) valora su privacidad. Esta pol\u00edtica de privacidad explica c\u00f3mo recopilamos, utilizamos, divulgamos y protegemos su informaci\u00f3n cuando usted visita palmsmediagroup.com (el &quot;Sitio&quot;) y utiliza nuestros servicios. Al utilizar el Sitio, usted acepta las pr\u00e1cticas descritas en esta pol\u00edtica. 1. Informaci\u00f3n que recopilamos Informaci\u00f3n personal: nombre, direcci\u00f3n de correo electr\u00f3nico, n\u00famero de tel\u00e9fono, datos de la empresa o negocio y cualquier informaci\u00f3n que proporcione a trav\u00e9s de formularios de contacto, suscripciones a boletines o descargas de recursos. Informaci\u00f3n no personal: Direcci\u00f3n IP, tipo de dispositivo y navegador, p\u00e1ginas visitadas, p\u00e1ginas de referencia\/salida, marcas de tiempo y otros datos de uso recogidos a trav\u00e9s de cookies, p\u00edxeles y tecnolog\u00edas similares. Datos de marketing y an\u00e1lisis: interacciones con nuestros correos electr\u00f3nicos, anuncios y p\u00e1ginas de destino, incluida la atribuci\u00f3n de campa\u00f1as. 2. C\u00f3mo utilizamos su informaci\u00f3n Responder a las consultas y prestar los servicios solicitados. Enviar correos electr\u00f3nicos de marketing, boletines informativos y recursos (cuando usted opte por ello). Mejorar y personalizar el Sitio, las campa\u00c3\u00b1as y los servicios mediante an\u00c3\u00a1lisis y pruebas. Ejecute la publicidad, el remarketing y la medici\u00f3n de audiencias. Cumplir [&hellip;]\" \/>\n<meta property=\"og:url\" content=\"https:\/\/palmsmediagroup.com\/es\/politica-de-privacidad\/\" \/>\n<meta property=\"og:site_name\" content=\"Palms Media\" \/>\n<meta property=\"article:publisher\" content=\"https:\/\/facebook.com\/palmsmediagroup\" \/>\n<meta property=\"article:modified_time\" content=\"2026-03-18T02:37:01+00:00\" \/>\n<meta name=\"twitter:card\" content=\"summary_large_image\" \/>\n<meta name=\"twitter:label1\" content=\"Tiempo de lectura\" \/>\n\t<meta name=\"twitter:data1\" content=\"4 minutos\" \/>\n<script type=\"application\/ld+json\" class=\"yoast-schema-graph\">{\"@context\":\"https:\\\/\\\/schema.org\",\"@graph\":[{\"@type\":\"WebPage\",\"@id\":\"https:\\\/\\\/palmsmediagroup.com\\\/es\\\/politica-de-privacidad\\\/\",\"url\":\"https:\\\/\\\/palmsmediagroup.com\\\/es\\\/politica-de-privacidad\\\/\",\"name\":\"Pol\u00edtica de privacidad - Palms Media\",\"isPartOf\":{\"@id\":\"https:\\\/\\\/palmsmediagroup.com\\\/es\\\/#website\"},\"datePublished\":\"2020-11-14T17:30:35+00:00\",\"dateModified\":\"2026-03-18T02:37:01+00:00\",\"breadcrumb\":{\"@id\":\"https:\\\/\\\/palmsmediagroup.com\\\/es\\\/politica-de-privacidad\\\/#breadcrumb\"},\"inLanguage\":\"es\",\"potentialAction\":[{\"@type\":\"ReadAction\",\"target\":[\"https:\\\/\\\/palmsmediagroup.com\\\/es\\\/politica-de-privacidad\\\/\"]}]},{\"@type\":\"BreadcrumbList\",\"@id\":\"https:\\\/\\\/palmsmediagroup.com\\\/es\\\/politica-de-privacidad\\\/#breadcrumb\",\"itemListElement\":[{\"@type\":\"ListItem\",\"position\":1,\"name\":\"Home\",\"item\":\"https:\\\/\\\/palmsmediagroup.com\\\/es\\\/?page_id=225166\"},{\"@type\":\"ListItem\",\"position\":2,\"name\":\"Pol\u00edtica de privacidad\"}]},{\"@type\":\"WebSite\",\"@id\":\"https:\\\/\\\/palmsmediagroup.com\\\/es\\\/#website\",\"url\":\"https:\\\/\\\/palmsmediagroup.com\\\/es\\\/\",\"name\":\"Palms Media\",\"description\":\"Digital Marketing Agency\",\"publisher\":{\"@id\":\"https:\\\/\\\/palmsmediagroup.com\\\/es\\\/#organization\"},\"potentialAction\":[{\"@type\":\"SearchAction\",\"target\":{\"@type\":\"EntryPoint\",\"urlTemplate\":\"https:\\\/\\\/palmsmediagroup.com\\\/es\\\/?s={search_term_string}\"},\"query-input\":{\"@type\":\"PropertyValueSpecification\",\"valueRequired\":true,\"valueName\":\"search_term_string\"}}],\"inLanguage\":\"es\"},{\"@type\":\"Organization\",\"@id\":\"https:\\\/\\\/palmsmediagroup.com\\\/es\\\/#organization\",\"name\":\"Palms Media LLC\",\"alternateName\":\"PMG\",\"url\":\"https:\\\/\\\/palmsmediagroup.com\\\/es\\\/\",\"logo\":{\"@type\":\"ImageObject\",\"inLanguage\":\"es\",\"@id\":\"https:\\\/\\\/palmsmediagroup.com\\\/es\\\/#\\\/schema\\\/logo\\\/image\\\/\",\"url\":\"https:\\\/\\\/palmsmediagroup.com\\\/wp-content\\\/uploads\\\/2024\\\/09\\\/Palms-HQ-04-copy.png\",\"contentUrl\":\"https:\\\/\\\/palmsmediagroup.com\\\/wp-content\\\/uploads\\\/2024\\\/09\\\/Palms-HQ-04-copy.png\",\"width\":1920,\"height\":822,\"caption\":\"Palms Media LLC\"},\"image\":{\"@id\":\"https:\\\/\\\/palmsmediagroup.com\\\/es\\\/#\\\/schema\\\/logo\\\/image\\\/\"},\"sameAs\":[\"https:\\\/\\\/facebook.com\\\/palmsmediagroup\",\"https:\\\/\\\/www.linkedin.com\\\/company\\\/palms-media\"]}]}<\/script>\n<!-- \/ Yoast SEO Premium plugin. -->","yoast_head_json":{"title":"Pol\u00edtica de privacidad - Palms Media","robots":{"index":"index","follow":"follow","max-snippet":"max-snippet:-1","max-image-preview":"max-image-preview:large","max-video-preview":"max-video-preview:-1"},"canonical":"https:\/\/palmsmediagroup.com\/es\/politica-de-privacidad\/","og_locale":"es_ES","og_type":"article","og_title":"Pol\u00edtica de privacidad","og_description":"Pol\u00edtica de privacidad Palms Media LLC Fecha de entrada en vigor: 9\/1\/2025 Palms Media LLC (\"nosotros\", \"nuestro\" o \"nos\") valora su privacidad. Esta pol\u00edtica de privacidad explica c\u00f3mo recopilamos, utilizamos, divulgamos y protegemos su informaci\u00f3n cuando usted visita palmsmediagroup.com (el \"Sitio\") y utiliza nuestros servicios. Al utilizar el Sitio, usted acepta las pr\u00e1cticas descritas en esta pol\u00edtica. 1. Informaci\u00f3n que recopilamos Informaci\u00f3n personal: nombre, direcci\u00f3n de correo electr\u00f3nico, n\u00famero de tel\u00e9fono, datos de la empresa o negocio y cualquier informaci\u00f3n que proporcione a trav\u00e9s de formularios de contacto, suscripciones a boletines o descargas de recursos. Informaci\u00f3n no personal: Direcci\u00f3n IP, tipo de dispositivo y navegador, p\u00e1ginas visitadas, p\u00e1ginas de referencia\/salida, marcas de tiempo y otros datos de uso recogidos a trav\u00e9s de cookies, p\u00edxeles y tecnolog\u00edas similares. Datos de marketing y an\u00e1lisis: interacciones con nuestros correos electr\u00f3nicos, anuncios y p\u00e1ginas de destino, incluida la atribuci\u00f3n de campa\u00f1as. 2. C\u00f3mo utilizamos su informaci\u00f3n Responder a las consultas y prestar los servicios solicitados. Enviar correos electr\u00f3nicos de marketing, boletines informativos y recursos (cuando usted opte por ello). Mejorar y personalizar el Sitio, las campa\u00c3\u00b1as y los servicios mediante an\u00c3\u00a1lisis y pruebas. Ejecute la publicidad, el remarketing y la medici\u00f3n de audiencias. Cumplir [&hellip;]","og_url":"https:\/\/palmsmediagroup.com\/es\/politica-de-privacidad\/","og_site_name":"Palms Media","article_publisher":"https:\/\/facebook.com\/palmsmediagroup","article_modified_time":"2026-03-18T02:37:01+00:00","twitter_card":"summary_large_image","twitter_misc":{"Tiempo de lectura":"4 minutos"},"schema":{"@context":"https:\/\/schema.org","@graph":[{"@type":"WebPage","@id":"https:\/\/palmsmediagroup.com\/es\/politica-de-privacidad\/","url":"https:\/\/palmsmediagroup.com\/es\/politica-de-privacidad\/","name":"Pol\u00edtica de privacidad - Palms Media","isPartOf":{"@id":"https:\/\/palmsmediagroup.com\/es\/#website"},"datePublished":"2020-11-14T17:30:35+00:00","dateModified":"2026-03-18T02:37:01+00:00","breadcrumb":{"@id":"https:\/\/palmsmediagroup.com\/es\/politica-de-privacidad\/#breadcrumb"},"inLanguage":"es","potentialAction":[{"@type":"ReadAction","target":["https:\/\/palmsmediagroup.com\/es\/politica-de-privacidad\/"]}]},{"@type":"BreadcrumbList","@id":"https:\/\/palmsmediagroup.com\/es\/politica-de-privacidad\/#breadcrumb","itemListElement":[{"@type":"ListItem","position":1,"name":"Home","item":"https:\/\/palmsmediagroup.com\/es\/?page_id=225166"},{"@type":"ListItem","position":2,"name":"Pol\u00edtica de privacidad"}]},{"@type":"WebSite","@id":"https:\/\/palmsmediagroup.com\/es\/#website","url":"https:\/\/palmsmediagroup.com\/es\/","name":"Palms Media","description":"Digital Marketing Agency","publisher":{"@id":"https:\/\/palmsmediagroup.com\/es\/#organization"},"potentialAction":[{"@type":"SearchAction","target":{"@type":"EntryPoint","urlTemplate":"https:\/\/palmsmediagroup.com\/es\/?s={search_term_string}"},"query-input":{"@type":"PropertyValueSpecification","valueRequired":true,"valueName":"search_term_string"}}],"inLanguage":"es"},{"@type":"Organization","@id":"https:\/\/palmsmediagroup.com\/es\/#organization","name":"Palms Media LLC","alternateName":"PMG","url":"https:\/\/palmsmediagroup.com\/es\/","logo":{"@type":"ImageObject","inLanguage":"es","@id":"https:\/\/palmsmediagroup.com\/es\/#\/schema\/logo\/image\/","url":"https:\/\/palmsmediagroup.com\/wp-content\/uploads\/2024\/09\/Palms-HQ-04-copy.png","contentUrl":"https:\/\/palmsmediagroup.com\/wp-content\/uploads\/2024\/09\/Palms-HQ-04-copy.png","width":1920,"height":822,"caption":"Palms Media LLC"},"image":{"@id":"https:\/\/palmsmediagroup.com\/es\/#\/schema\/logo\/image\/"},"sameAs":["https:\/\/facebook.com\/palmsmediagroup","https:\/\/www.linkedin.com\/company\/palms-media"]}]}},"_links":{"self":[{"href":"https:\/\/palmsmediagroup.com\/es\/wp-json\/wp\/v2\/pages\/225144","targetHints":{"allow":["GET"]}}],"collection":[{"href":"https:\/\/palmsmediagroup.com\/es\/wp-json\/wp\/v2\/pages"}],"about":[{"href":"https:\/\/palmsmediagroup.com\/es\/wp-json\/wp\/v2\/types\/page"}],"author":[{"embeddable":true,"href":"https:\/\/palmsmediagroup.com\/es\/wp-json\/wp\/v2\/users\/2"}],"replies":[{"embeddable":true,"href":"https:\/\/palmsmediagroup.com\/es\/wp-json\/wp\/v2\/comments?post=225144"}],"version-history":[{"count":3,"href":"https:\/\/palmsmediagroup.com\/es\/wp-json\/wp\/v2\/pages\/225144\/revisions"}],"predecessor-version":[{"id":225149,"href":"https:\/\/palmsmediagroup.com\/es\/wp-json\/wp\/v2\/pages\/225144\/revisions\/225149"}],"wp:attachment":[{"href":"https:\/\/palmsmediagroup.com\/es\/wp-json\/wp\/v2\/media?parent=225144"}],"curies":[{"name":"wp","href":"https:\/\/api.w.org\/{rel}","templated":true}]}}