{"id":225157,"date":"2025-09-06T17:31:48","date_gmt":"2025-09-06T17:31:48","guid":{"rendered":"https:\/\/palmsmediagroup.com\/condiciones-del-servicio\/"},"modified":"2026-03-18T02:37:05","modified_gmt":"2026-03-18T02:37:05","slug":"condiciones-del-servicio","status":"publish","type":"page","link":"https:\/\/palmsmediagroup.com\/es\/condiciones-del-servicio\/","title":{"rendered":"Condiciones del servicio"},"content":{"rendered":"<p>[et_pb_section fb_built=\u00bb1&#8243; _builder_version=\u00bb4.16&#8243; global_colors_info=\u00bb{}\u00bb][et_pb_row _builder_version=\u00bb4.16&#8243; background_size=\u00bbinitial\u00bb background_position=\u00bbtop_left\u00bb background_repeat=\u00bbrepeat\u00bb global_colors_info=\u00bb{}\u00bb][et_pb_column type=\u00bb4_4&#8243; _builder_version=\u00bb4.16&#8243; custom_padding=\u00bb|||\u00bb global_colors_info=\u00bb{}\u00bb custom_padding__hover=\u00bb|||\u00bb][et_pb_text _builder_version=\u00bb4.27.4&#8243; background_size=\u00bbinitial\u00bb background_position=\u00bbtop_left\u00bb background_repeat=\u00bbrepeat\u00bb custom_padding=\u00bb||100px||false|false\u00bb global_colors_info=\u00bb{}\u00bb]<\/p>\n<h1>Condiciones del servicio<\/h1>\n<p><strong>Palms Media LLC<\/strong><\/p>\n<p>Fecha de entrada en vigor: <em>9\/1\/2025<\/em><\/p>\n<p>Bienvenido a <a href=\"https:\/\/palmsmediagroup.com\/es\/\">palmsmediagroup.com<\/a> (el \u00abSitio\u00bb), operado por Palms Media LLC (\u00abnosotros\u00bb, \u00abnuestro\u00bb o \u00abnos\u00bb). Al acceder o utilizar nuestro Sitio, servicios o contenidos, usted acepta quedar vinculado por estas Condiciones del servicio (\u00abCondiciones\u00bb). Si no est\u00e1 de acuerdo, no podr\u00e1 utilizar nuestro Sitio ni nuestros servicios.  <\/p>\n<h2>1. Uso de nuestros servicios<\/h2>\n<ul>\n<li>S\u00f3lo podr\u00e1 utilizar nuestro Sitio y nuestros servicios con fines l\u00edcitos y de conformidad con las presentes Condiciones.<\/li>\n<li>Usted se compromete a no hacer un mal uso de nuestro Sitio transmitiendo c\u00f3digo da\u00f1ino, intentando un acceso no autorizado o participando en actividades que interrumpan las operaciones.<\/li>\n<li>Debe tener al menos 18 a\u00f1os para utilizar nuestros servicios o enviar informaci\u00f3n a trav\u00e9s de nuestro Sitio.<\/li>\n<\/ul>\n<h2>2. Servicios y contenidos<\/h2>\n<ul>\n<li>Palms Media LLC ofrece servicios de marketing digital que incluyen, entre otros, publicidad de pago por clic (PPC), optimizaci\u00f3n de motores de b\u00fasqueda (SEO), desarrollo de sitios web, producci\u00f3n de contenidos, an\u00e1lisis y generaci\u00f3n de contactos.<\/li>\n<li>El contenido de nuestro Sitio, incluidos textos, gr\u00e1ficos, im\u00e1genes y otros materiales, se proporciona \u00fanicamente con fines informativos generales y no debe considerarse asesoramiento profesional jur\u00eddico, financiero o empresarial.<\/li>\n<li>Podemos actualizar, modificar o interrumpir cualquier parte de nuestro Sitio o servicios en cualquier momento y sin previo aviso.<\/li>\n<\/ul>\n<h2>3. Env\u00edos de los usuarios<\/h2>\n<ul>\n<li>Al enviar informaci\u00f3n a trav\u00e9s de nuestro Sitio (como formularios o suscripciones a boletines informativos), usted declara que la informaci\u00f3n es exacta y que tiene derecho a proporcionarla.<\/li>\n<li>Usted concede a Palms Media LLC una licencia limitada para utilizar la informaci\u00f3n enviada con el fin de proporcionar servicios, comunicaciones de marketing o mejorar nuestras ofertas tal y como se describe en nuestra <a href=\"https:\/\/palmsmediagroup.com\/es\/?page_id=225144\">Pol\u00edtica de Privacidad<\/a>.<\/li>\n<\/ul>\n<h2>4. Propiedad intelectual<\/h2>\n<ul>\n<li>Todo el contenido del sitio, incluyendo pero no limitado a logotipos, marcas, gr\u00e1ficos, texto, software y dise\u00f1o, es propiedad de Palms Media LLC o sus licenciantes y est\u00e1 protegido por las leyes de propiedad intelectual.<\/li>\n<li>No puede copiar, reproducir, distribuir o crear trabajos derivados de nuestro contenido sin nuestro permiso previo por escrito.<\/li>\n<\/ul>\n<h2>5. Servicios y enlaces de terceros<\/h2>\n<p>Nuestro Sitio puede contener enlaces a sitios web o servicios de terceros. No somos responsables del contenido, las pol\u00edticas o las pr\u00e1cticas de esos servicios de terceros. El uso de los servicios de terceros corre por su cuenta y riesgo y est\u00e1 sujeto a sus respectivos t\u00e9rminos y condiciones.  <\/p>\n<h2>6. Renuncia de garant\u00edas<\/h2>\n<p>Nuestro sitio y servicios se proporcionan \u00abtal cual\u00bb y \u00abseg\u00fan disponibilidad\u00bb. En la m\u00e1xima medida permitida por la ley, Palms Media LLC renuncia a todas las garant\u00edas, expresas o impl\u00edcitas, incluyendo pero no limitado a la comerciabilidad, idoneidad para un prop\u00f3sito particular y no infracci\u00f3n. No garantizamos que el sitio sea ininterrumpido, libre de errores, seguro o libre de componentes da\u00f1inos.  <\/p>\n<h2>7. Limitaci\u00f3n de responsabilidad<\/h2>\n<p>En la medida m\u00e1xima permitida por la ley, Palms Media LLC, sus directivos, empleados o afiliados no ser\u00e1n responsables de ning\u00fan da\u00f1o, ya sea directo, indirecto, incidental, especial o consecuente, que surja de o est\u00e9 relacionado con su uso de (o la imposibilidad de usar) el sitio o los servicios.<\/p>\n<h2>8. Indemnizaci\u00f3n<\/h2>\n<p>Usted se compromete a indemnizar, defender y mantener indemne a Palms Media LLC y sus afiliados, empleados y socios de cualquier reclamaci\u00f3n, responsabilidad, da\u00f1os, p\u00e9rdidas o gastos (incluyendo honorarios legales) que resulten de su violaci\u00f3n de estos T\u00e9rminos o de su uso del Sitio o de los servicios.<\/p>\n<h2>9. Ley aplicable<\/h2>\n<p>Estas Condiciones se regir\u00e1n e interpretar\u00e1n de acuerdo con las leyes del Estado de California, sin tener en cuenta los principios de conflicto de leyes. Cualquier disputa se resolver\u00e1 en los tribunales estatales o federales ubicados en el Condado de Orange, California. <\/p>\n<h2>10. Modificaciones de las presentes condiciones<\/h2>\n<p>Podemos actualizar estas Condiciones del servicio de vez en cuando. La versi\u00f3n m\u00e1s reciente se publicar\u00e1 siempre en esta p\u00e1gina con una \u00abFecha de entrada en vigor\u00bb actualizada. El uso continuado del Sitio despu\u00e9s de que se publiquen los cambios constituye la aceptaci\u00f3n de los T\u00e9rminos revisados.  <\/p>\n<h2>11. P\u00f3ngase en contacto con nosotros<\/h2>\n<p>Si tiene alguna pregunta sobre estas Condiciones, p\u00f3ngase en contacto con nosotros en:<\/p>\n<p><strong>Palms Media LLC<\/strong><\/p>\n<p>Correo electr\u00f3nico: <a href=\"mailto:info@palmsmediagroup.com\">info@palmsmediagroup.com<\/a><\/p>\n<p>Tel\u00e9fono: <a href=\"tel:18668103570\">866-810-3570<\/a><\/p>\n<p>1968 S. Coast Hwy. #715, Laguna Beach, CA 92651 <\/p>\n<p>[\/et_pb_text][\/et_pb_column][\/et_pb_row][\/et_pb_section]<\/p>\n","protected":false},"excerpt":{"rendered":"<p>Condiciones del servicio Palms Media LLCFecha de entrada en vigor: 9\/1\/2025 Bienvenido a palmsmediagroup.com (el \u00abSitio\u00bb), operado por Palms Media LLC (\u00abnosotros\u00bb, \u00abnuestro\u00bb o \u00abnos\u00bb). Al acceder o utilizar nuestro Sitio, servicios o contenidos, usted acepta quedar vinculado por estas Condiciones del servicio (\u00abCondiciones\u00bb). Si no est\u00e1 de acuerdo, no podr\u00e1 utilizar nuestro Sitio ni nuestros servicios. 1. Uso de nuestros servicios S\u00f3lo podr\u00e1 utilizar nuestro Sitio y nuestros servicios con fines l\u00edcitos y de conformidad con las presentes Condiciones. Usted se compromete a no hacer un mal uso de nuestro Sitio transmitiendo c\u00f3digo da\u00f1ino, intentando un acceso no autorizado o participando en actividades que interrumpan las operaciones. Debe tener al menos 18 a\u00f1os para utilizar nuestros servicios o enviar informaci\u00f3n a trav\u00e9s de nuestro Sitio. 2. Servicios y contenidos Palms Media LLC ofrece servicios de marketing digital que incluyen, entre otros, publicidad de pago por clic (PPC), optimizaci\u00f3n de motores de b\u00fasqueda (SEO), desarrollo de sitios web, producci\u00f3n de contenidos, an\u00e1lisis y generaci\u00f3n de contactos. El contenido de nuestro Sitio, incluidos textos, gr\u00e1ficos, im\u00e1genes y otros materiales, se proporciona \u00fanicamente con fines informativos generales y no debe considerarse asesoramiento profesional jur\u00eddico, financiero o empresarial. Podemos actualizar, modificar o interrumpir [&hellip;]<\/p>\n","protected":false},"author":2,"featured_media":0,"parent":0,"menu_order":0,"comment_status":"closed","ping_status":"closed","template":"","meta":{"_et_pb_use_builder":"on","_et_pb_old_content":"","_et_gb_content_width":"","footnotes":""},"class_list":["post-225157","page","type-page","status-publish","hentry"],"yoast_head":"<!-- This site is optimized with the Yoast SEO Premium plugin v27.3 (Yoast SEO v27.3) - https:\/\/yoast.com\/product\/yoast-seo-premium-wordpress\/ -->\n<title>Condiciones del servicio - Palms Media<\/title>\n<meta name=\"robots\" content=\"index, follow, max-snippet:-1, max-image-preview:large, max-video-preview:-1\" \/>\n<link rel=\"canonical\" href=\"https:\/\/palmsmediagroup.com\/es\/condiciones-del-servicio\/\" \/>\n<meta property=\"og:locale\" content=\"es_ES\" \/>\n<meta property=\"og:type\" content=\"article\" \/>\n<meta property=\"og:title\" content=\"Condiciones del servicio\" \/>\n<meta property=\"og:description\" content=\"Condiciones del servicio Palms Media LLCFecha de entrada en vigor: 9\/1\/2025 Bienvenido a palmsmediagroup.com (el &quot;Sitio&quot;), operado por Palms Media LLC (&quot;nosotros&quot;, &quot;nuestro&quot; o &quot;nos&quot;). Al acceder o utilizar nuestro Sitio, servicios o contenidos, usted acepta quedar vinculado por estas Condiciones del servicio (&quot;Condiciones&quot;). Si no est\u00e1 de acuerdo, no podr\u00e1 utilizar nuestro Sitio ni nuestros servicios. 1. Uso de nuestros servicios S\u00f3lo podr\u00e1 utilizar nuestro Sitio y nuestros servicios con fines l\u00edcitos y de conformidad con las presentes Condiciones. Usted se compromete a no hacer un mal uso de nuestro Sitio transmitiendo c\u00f3digo da\u00f1ino, intentando un acceso no autorizado o participando en actividades que interrumpan las operaciones. Debe tener al menos 18 a\u00f1os para utilizar nuestros servicios o enviar informaci\u00f3n a trav\u00e9s de nuestro Sitio. 2. Servicios y contenidos Palms Media LLC ofrece servicios de marketing digital que incluyen, entre otros, publicidad de pago por clic (PPC), optimizaci\u00f3n de motores de b\u00fasqueda (SEO), desarrollo de sitios web, producci\u00f3n de contenidos, an\u00e1lisis y generaci\u00f3n de contactos. El contenido de nuestro Sitio, incluidos textos, gr\u00e1ficos, im\u00e1genes y otros materiales, se proporciona \u00fanicamente con fines informativos generales y no debe considerarse asesoramiento profesional jur\u00eddico, financiero o empresarial. Podemos actualizar, modificar o interrumpir [&hellip;]\" \/>\n<meta property=\"og:url\" content=\"https:\/\/palmsmediagroup.com\/es\/condiciones-del-servicio\/\" \/>\n<meta property=\"og:site_name\" content=\"Palms Media\" \/>\n<meta property=\"article:publisher\" content=\"https:\/\/facebook.com\/palmsmediagroup\" \/>\n<meta property=\"article:modified_time\" content=\"2026-03-18T02:37:05+00:00\" \/>\n<meta name=\"twitter:card\" content=\"summary_large_image\" \/>\n<meta name=\"twitter:label1\" content=\"Tiempo de lectura\" \/>\n\t<meta name=\"twitter:data1\" content=\"4 minutos\" \/>\n<script type=\"application\/ld+json\" class=\"yoast-schema-graph\">{\"@context\":\"https:\\\/\\\/schema.org\",\"@graph\":[{\"@type\":\"WebPage\",\"@id\":\"https:\\\/\\\/palmsmediagroup.com\\\/es\\\/condiciones-del-servicio\\\/\",\"url\":\"https:\\\/\\\/palmsmediagroup.com\\\/es\\\/condiciones-del-servicio\\\/\",\"name\":\"Condiciones del servicio - Palms Media\",\"isPartOf\":{\"@id\":\"https:\\\/\\\/palmsmediagroup.com\\\/es\\\/#website\"},\"datePublished\":\"2025-09-06T17:31:48+00:00\",\"dateModified\":\"2026-03-18T02:37:05+00:00\",\"breadcrumb\":{\"@id\":\"https:\\\/\\\/palmsmediagroup.com\\\/es\\\/condiciones-del-servicio\\\/#breadcrumb\"},\"inLanguage\":\"es\",\"potentialAction\":[{\"@type\":\"ReadAction\",\"target\":[\"https:\\\/\\\/palmsmediagroup.com\\\/es\\\/condiciones-del-servicio\\\/\"]}]},{\"@type\":\"BreadcrumbList\",\"@id\":\"https:\\\/\\\/palmsmediagroup.com\\\/es\\\/condiciones-del-servicio\\\/#breadcrumb\",\"itemListElement\":[{\"@type\":\"ListItem\",\"position\":1,\"name\":\"Home\",\"item\":\"https:\\\/\\\/palmsmediagroup.com\\\/es\\\/?page_id=225166\"},{\"@type\":\"ListItem\",\"position\":2,\"name\":\"Condiciones del servicio\"}]},{\"@type\":\"WebSite\",\"@id\":\"https:\\\/\\\/palmsmediagroup.com\\\/es\\\/#website\",\"url\":\"https:\\\/\\\/palmsmediagroup.com\\\/es\\\/\",\"name\":\"Palms Media\",\"description\":\"Digital Marketing Agency\",\"publisher\":{\"@id\":\"https:\\\/\\\/palmsmediagroup.com\\\/es\\\/#organization\"},\"potentialAction\":[{\"@type\":\"SearchAction\",\"target\":{\"@type\":\"EntryPoint\",\"urlTemplate\":\"https:\\\/\\\/palmsmediagroup.com\\\/es\\\/?s={search_term_string}\"},\"query-input\":{\"@type\":\"PropertyValueSpecification\",\"valueRequired\":true,\"valueName\":\"search_term_string\"}}],\"inLanguage\":\"es\"},{\"@type\":\"Organization\",\"@id\":\"https:\\\/\\\/palmsmediagroup.com\\\/es\\\/#organization\",\"name\":\"Palms Media LLC\",\"alternateName\":\"PMG\",\"url\":\"https:\\\/\\\/palmsmediagroup.com\\\/es\\\/\",\"logo\":{\"@type\":\"ImageObject\",\"inLanguage\":\"es\",\"@id\":\"https:\\\/\\\/palmsmediagroup.com\\\/es\\\/#\\\/schema\\\/logo\\\/image\\\/\",\"url\":\"https:\\\/\\\/palmsmediagroup.com\\\/wp-content\\\/uploads\\\/2024\\\/09\\\/Palms-HQ-04-copy.png\",\"contentUrl\":\"https:\\\/\\\/palmsmediagroup.com\\\/wp-content\\\/uploads\\\/2024\\\/09\\\/Palms-HQ-04-copy.png\",\"width\":1920,\"height\":822,\"caption\":\"Palms Media LLC\"},\"image\":{\"@id\":\"https:\\\/\\\/palmsmediagroup.com\\\/es\\\/#\\\/schema\\\/logo\\\/image\\\/\"},\"sameAs\":[\"https:\\\/\\\/facebook.com\\\/palmsmediagroup\",\"https:\\\/\\\/www.linkedin.com\\\/company\\\/palms-media\"]}]}<\/script>\n<!-- \/ Yoast SEO Premium plugin. -->","yoast_head_json":{"title":"Condiciones del servicio - Palms Media","robots":{"index":"index","follow":"follow","max-snippet":"max-snippet:-1","max-image-preview":"max-image-preview:large","max-video-preview":"max-video-preview:-1"},"canonical":"https:\/\/palmsmediagroup.com\/es\/condiciones-del-servicio\/","og_locale":"es_ES","og_type":"article","og_title":"Condiciones del servicio","og_description":"Condiciones del servicio Palms Media LLCFecha de entrada en vigor: 9\/1\/2025 Bienvenido a palmsmediagroup.com (el \"Sitio\"), operado por Palms Media LLC (\"nosotros\", \"nuestro\" o \"nos\"). Al acceder o utilizar nuestro Sitio, servicios o contenidos, usted acepta quedar vinculado por estas Condiciones del servicio (\"Condiciones\"). Si no est\u00e1 de acuerdo, no podr\u00e1 utilizar nuestro Sitio ni nuestros servicios. 1. Uso de nuestros servicios S\u00f3lo podr\u00e1 utilizar nuestro Sitio y nuestros servicios con fines l\u00edcitos y de conformidad con las presentes Condiciones. Usted se compromete a no hacer un mal uso de nuestro Sitio transmitiendo c\u00f3digo da\u00f1ino, intentando un acceso no autorizado o participando en actividades que interrumpan las operaciones. Debe tener al menos 18 a\u00f1os para utilizar nuestros servicios o enviar informaci\u00f3n a trav\u00e9s de nuestro Sitio. 2. Servicios y contenidos Palms Media LLC ofrece servicios de marketing digital que incluyen, entre otros, publicidad de pago por clic (PPC), optimizaci\u00f3n de motores de b\u00fasqueda (SEO), desarrollo de sitios web, producci\u00f3n de contenidos, an\u00e1lisis y generaci\u00f3n de contactos. El contenido de nuestro Sitio, incluidos textos, gr\u00e1ficos, im\u00e1genes y otros materiales, se proporciona \u00fanicamente con fines informativos generales y no debe considerarse asesoramiento profesional jur\u00eddico, financiero o empresarial. Podemos actualizar, modificar o interrumpir [&hellip;]","og_url":"https:\/\/palmsmediagroup.com\/es\/condiciones-del-servicio\/","og_site_name":"Palms Media","article_publisher":"https:\/\/facebook.com\/palmsmediagroup","article_modified_time":"2026-03-18T02:37:05+00:00","twitter_card":"summary_large_image","twitter_misc":{"Tiempo de lectura":"4 minutos"},"schema":{"@context":"https:\/\/schema.org","@graph":[{"@type":"WebPage","@id":"https:\/\/palmsmediagroup.com\/es\/condiciones-del-servicio\/","url":"https:\/\/palmsmediagroup.com\/es\/condiciones-del-servicio\/","name":"Condiciones del servicio - Palms Media","isPartOf":{"@id":"https:\/\/palmsmediagroup.com\/es\/#website"},"datePublished":"2025-09-06T17:31:48+00:00","dateModified":"2026-03-18T02:37:05+00:00","breadcrumb":{"@id":"https:\/\/palmsmediagroup.com\/es\/condiciones-del-servicio\/#breadcrumb"},"inLanguage":"es","potentialAction":[{"@type":"ReadAction","target":["https:\/\/palmsmediagroup.com\/es\/condiciones-del-servicio\/"]}]},{"@type":"BreadcrumbList","@id":"https:\/\/palmsmediagroup.com\/es\/condiciones-del-servicio\/#breadcrumb","itemListElement":[{"@type":"ListItem","position":1,"name":"Home","item":"https:\/\/palmsmediagroup.com\/es\/?page_id=225166"},{"@type":"ListItem","position":2,"name":"Condiciones del servicio"}]},{"@type":"WebSite","@id":"https:\/\/palmsmediagroup.com\/es\/#website","url":"https:\/\/palmsmediagroup.com\/es\/","name":"Palms Media","description":"Digital Marketing Agency","publisher":{"@id":"https:\/\/palmsmediagroup.com\/es\/#organization"},"potentialAction":[{"@type":"SearchAction","target":{"@type":"EntryPoint","urlTemplate":"https:\/\/palmsmediagroup.com\/es\/?s={search_term_string}"},"query-input":{"@type":"PropertyValueSpecification","valueRequired":true,"valueName":"search_term_string"}}],"inLanguage":"es"},{"@type":"Organization","@id":"https:\/\/palmsmediagroup.com\/es\/#organization","name":"Palms Media LLC","alternateName":"PMG","url":"https:\/\/palmsmediagroup.com\/es\/","logo":{"@type":"ImageObject","inLanguage":"es","@id":"https:\/\/palmsmediagroup.com\/es\/#\/schema\/logo\/image\/","url":"https:\/\/palmsmediagroup.com\/wp-content\/uploads\/2024\/09\/Palms-HQ-04-copy.png","contentUrl":"https:\/\/palmsmediagroup.com\/wp-content\/uploads\/2024\/09\/Palms-HQ-04-copy.png","width":1920,"height":822,"caption":"Palms Media LLC"},"image":{"@id":"https:\/\/palmsmediagroup.com\/es\/#\/schema\/logo\/image\/"},"sameAs":["https:\/\/facebook.com\/palmsmediagroup","https:\/\/www.linkedin.com\/company\/palms-media"]}]}},"_links":{"self":[{"href":"https:\/\/palmsmediagroup.com\/es\/wp-json\/wp\/v2\/pages\/225157","targetHints":{"allow":["GET"]}}],"collection":[{"href":"https:\/\/palmsmediagroup.com\/es\/wp-json\/wp\/v2\/pages"}],"about":[{"href":"https:\/\/palmsmediagroup.com\/es\/wp-json\/wp\/v2\/types\/page"}],"author":[{"embeddable":true,"href":"https:\/\/palmsmediagroup.com\/es\/wp-json\/wp\/v2\/users\/2"}],"replies":[{"embeddable":true,"href":"https:\/\/palmsmediagroup.com\/es\/wp-json\/wp\/v2\/comments?post=225157"}],"version-history":[{"count":3,"href":"https:\/\/palmsmediagroup.com\/es\/wp-json\/wp\/v2\/pages\/225157\/revisions"}],"predecessor-version":[{"id":225165,"href":"https:\/\/palmsmediagroup.com\/es\/wp-json\/wp\/v2\/pages\/225157\/revisions\/225165"}],"wp:attachment":[{"href":"https:\/\/palmsmediagroup.com\/es\/wp-json\/wp\/v2\/media?parent=225157"}],"curies":[{"name":"wp","href":"https:\/\/api.w.org\/{rel}","templated":true}]}}